{"id":244,"date":"2015-07-16T09:12:44","date_gmt":"2015-07-16T09:12:44","guid":{"rendered":"https:\/\/axlaw.is\/um-okkur\/"},"modified":"2025-10-28T17:00:05","modified_gmt":"2025-10-28T17:00:05","slug":"about-us","status":"publish","type":"page","link":"https:\/\/axlaw.is\/en\/about-us\/","title":{"rendered":"About us"},"content":{"rendered":"\n<style type=\"text\/css\" data-created_by=\"avia_inline_auto\" id=\"style-css-av-8mfcc-b751c035bd5a943be296ed25edcd9e45\">\n.flex_column.av-8mfcc-b751c035bd5a943be296ed25edcd9e45{\nborder-radius:0px 0px 0px 0px;\npadding:0px 0px 0px 0px;\n}\n<\/style>\n<div  class='flex_column av-8mfcc-b751c035bd5a943be296ed25edcd9e45 av_one_full  avia-builder-el-0  el_before_av_layout_row  avia-builder-el-no-sibling  first flex_column_div av-zero-column-padding  '     ><p>\n<style type=\"text\/css\" data-created_by=\"avia_inline_auto\" id=\"style-css-av-aj3kc-ab63c84999b2f55645eb376ad1c16d3d\">\n#top .av-special-heading.av-aj3kc-ab63c84999b2f55645eb376ad1c16d3d{\npadding-bottom:10px;\n}\nbody .av-special-heading.av-aj3kc-ab63c84999b2f55645eb376ad1c16d3d .av-special-heading-tag .heading-char{\nfont-size:25px;\n}\n.av-special-heading.av-aj3kc-ab63c84999b2f55645eb376ad1c16d3d .av-subheading{\nfont-size:15px;\n}\n<\/style>\n<div  class='av-special-heading av-aj3kc-ab63c84999b2f55645eb376ad1c16d3d av-special-heading-h1 blockquote modern-quote  avia-builder-el-1  el_before_av_textblock  avia-builder-el-first '><h1 class='av-special-heading-tag'  itemprop=\"headline\"  >About us<\/h1><div class=\"special-heading-border\"><div class=\"special-heading-inner-border\"><\/div><\/div><\/div><br \/>\n<section  class='av_textblock_section av-k5nak5ui-53d66309927d23fdeeeb2c04c6ffbea9 '   itemscope=\"itemscope\" itemtype=\"https:\/\/schema.org\/CreativeWork\" ><div class='avia_textblock'  itemprop=\"text\" ><p data-pm-slice=\"1 1 &#091;&#093;\">AX law is a full-service law firm, founded in 2019. We provide our customers with the highest quality services both to the business and public sector.<\/p>\n<p>Counselling in the fields of corporate, competition and tax law is at the forefront of our firm with a solid backbone in classic fields of the law and litigation.<\/p>\n<\/div><\/section><\/p><\/div>\n<\/div><\/div><\/div><!-- close content main div --><\/div><\/div><div id='av-layout-grid-1'  class='av-layout-grid-container av-2qt57u-a424cc9519466839385e2ef79a700ffe entry-content-wrapper main_color av-flex-cells  avia-builder-el-3  el_after_av_one_full  el_before_av_layout_row  grid-row-not-first  container_wrap fullsize'  >\n\n<style type=\"text\/css\" data-created_by=\"avia_inline_auto\" id=\"style-css-av-2kii9m-9c35f341dfa664b93bb8a4e3ad54dcd5\">\n.flex_cell.av-2kii9m-9c35f341dfa664b93bb8a4e3ad54dcd5{\nvertical-align:top;\nheight:350px;\nmin-height:350px;\nbackground:url(https:\/\/axlaw.is\/wp-content\/uploads\/2020\/01\/atli.jpg) 50% 50% no-repeat scroll ;\n}\n.responsive #top #wrap_all .flex_cell.av-2kii9m-9c35f341dfa664b93bb8a4e3ad54dcd5{\npadding:30px 30px 30px 30px !important;\n}\n<\/style>\n<div class='flex_cell av-2kii9m-9c35f341dfa664b93bb8a4e3ad54dcd5 av-gridrow-cell av_one_half no_margin  avia-builder-el-4  el_before_av_cell_one_half  avia-builder-el-first  avia-full-stretch'  ><div class='flex_cell_inner'><\/div><\/div>\n<style type=\"text\/css\" data-created_by=\"avia_inline_auto\" id=\"style-css-av-2ekh0q-dd8ceb7aecbe90a35e78850c14426cc0\">\n.flex_cell.av-2ekh0q-dd8ceb7aecbe90a35e78850c14426cc0{\nvertical-align:middle;\nheight:350px;\nmin-height:350px;\nbackground-color:#f1f3f6;\n}\n.responsive #top #wrap_all .flex_cell.av-2ekh0q-dd8ceb7aecbe90a35e78850c14426cc0{\npadding:50px  80px  50px 80px !important;\n}\n<\/style>\n<div class='flex_cell av-2ekh0q-dd8ceb7aecbe90a35e78850c14426cc0 av-gridrow-cell av_one_half no_margin  avia-builder-el-5  el_after_av_cell_one_half  avia-builder-el-last '  ><div class='flex_cell_inner'>\n<style type=\"text\/css\" data-created_by=\"avia_inline_auto\" id=\"style-css-av-2ae47m-270c245711909fd969998e4fe21a1bac\">\n.flex_column.av-2ae47m-270c245711909fd969998e4fe21a1bac{\nborder-radius:0px 0px 0px 0px;\npadding:0px 0px 0px 0px;\n}\n<\/style>\n<div  class='flex_column av-2ae47m-270c245711909fd969998e4fe21a1bac av_one_full  avia-builder-el-6  avia-builder-el-no-sibling  first flex_column_div av-animated-generic bottom-to-top av-zero-column-padding  '     ><section  class='av_textblock_section av-1vzbii-df4f923c42755193d36f42cf24c22c15 '   itemscope=\"itemscope\" itemtype=\"https:\/\/schema.org\/CreativeWork\" ><div class='avia_textblock'  itemprop=\"text\" ><h3>Atli Bj\u00f6rn \u00deorbj\u00f6rnsson hrl. LL.M<\/h3>\n<p>Attorney at Law. Partner.<\/p>\n<div><\/div>\n<div><a href=\"mailto:atli@axlaw.is\">atli@axlaw.is<\/a><br \/>\n<a href=\"tel:8996076\">899-6076<\/a><\/div>\n<\/div><\/section><\/div>\n<\/div><\/div>\n<\/div>\n<div id='flex-invert'  class='av-layout-grid-container av-2qt57u-17-4db02c60c6e2bfd107a0fc2491adbb4a entry-content-wrapper main_color av-flex-cells  avia-builder-el-8  el_after_av_layout_row  el_before_av_layout_row  grid-row-not-first  container_wrap fullsize'  >\n\n<style type=\"text\/css\" data-created_by=\"avia_inline_auto\" id=\"style-css-av-2ekh0q-15-af19ba9bc389e391de4148bf160cc225\">\n.flex_cell.av-2ekh0q-15-af19ba9bc389e391de4148bf160cc225{\nvertical-align:middle;\nheight:350px;\nmin-height:350px;\nbackground-color:#f1f3f6;\n}\n.responsive #top #wrap_all .flex_cell.av-2ekh0q-15-af19ba9bc389e391de4148bf160cc225{\npadding:50px 80px 50px 80px !important;\n}\n<\/style>\n<div class='flex_cell av-2ekh0q-15-af19ba9bc389e391de4148bf160cc225 av-gridrow-cell av_one_half no_margin  avia-builder-el-9  el_before_av_cell_one_half  avia-builder-el-first '  ><div class='flex_cell_inner'>\n<style type=\"text\/css\" data-created_by=\"avia_inline_auto\" id=\"style-css-av-2ae47m-14-83d7a8bf85f6e467eacd251d1788088f\">\n.flex_column.av-2ae47m-14-83d7a8bf85f6e467eacd251d1788088f{\nborder-radius:0px 0px 0px 0px;\npadding:0px 0px 0px 0px;\n}\n<\/style>\n<div  class='flex_column av-2ae47m-14-83d7a8bf85f6e467eacd251d1788088f av_one_full  avia-builder-el-10  avia-builder-el-no-sibling  first flex_column_div av-animated-generic bottom-to-top av-zero-column-padding  '     ><section  class='av_textblock_section av-1vzbii-13-17548db1f4894229615992f06a6d4d6e '   itemscope=\"itemscope\" itemtype=\"https:\/\/schema.org\/CreativeWork\" ><div class='avia_textblock'  itemprop=\"text\" ><h3>Fri\u00f0bj\u00f6rn Eir\u00edkur Gar\u00f0arsson hrl.<\/h3>\n<p>Attorney at Law. Partner.<\/p>\n<p><a href=\"mailto:fridbjorn@axlaw.is\">fridbjorn@axlaw.is<\/a><br \/>\n<a href=\"tel:+3548628696\">862-8696<\/a><\/p>\n<\/div><\/section><\/div>\n<\/div><\/div>\n<style type=\"text\/css\" data-created_by=\"avia_inline_auto\" id=\"style-css-av-8tth6-d62bb226022c78ea6b27f701b7fbabe6\">\n.flex_cell.av-8tth6-d62bb226022c78ea6b27f701b7fbabe6{\nvertical-align:top;\nheight:350px;\nmin-height:350px;\nbackground:url(https:\/\/axlaw.is\/wp-content\/uploads\/2020\/01\/fridbjorn.jpg) 50% 50% no-repeat scroll ;\n}\n.responsive #top #wrap_all .flex_cell.av-8tth6-d62bb226022c78ea6b27f701b7fbabe6{\npadding:30px 30px 30px 30px !important;\n}\n<\/style>\n<div class='flex_cell av-8tth6-d62bb226022c78ea6b27f701b7fbabe6 av-gridrow-cell av_one_half no_margin  avia-builder-el-12  el_after_av_cell_one_half  avia-builder-el-last  avia-full-stretch'  ><div class='flex_cell_inner'><\/div><\/div>\n<\/div>\n<div id='av-layout-grid-3'  class='av-layout-grid-container av-2qt57u-12-1688a97a01ff4f6cf73826fc9848380e entry-content-wrapper main_color av-flex-cells  avia-builder-el-13  el_after_av_layout_row  el_before_av_layout_row  grid-row-not-first  container_wrap fullsize'  >\n\n<style type=\"text\/css\" data-created_by=\"avia_inline_auto\" id=\"style-css-av-2kii9m-16-4250592fa909bf3da538c597bb26d17a\">\n.flex_cell.av-2kii9m-16-4250592fa909bf3da538c597bb26d17a{\nvertical-align:middle;\nheight:350px;\nmin-height:350px;\nbackground:url(https:\/\/axlaw.is\/wp-content\/uploads\/2025\/10\/heidarasberg.jpg) 50% 0% no-repeat scroll ;\n}\n.responsive #top #wrap_all .flex_cell.av-2kii9m-16-4250592fa909bf3da538c597bb26d17a{\npadding:30px 30px 30px 30px !important;\n}\n<\/style>\n<div class='flex_cell av-2kii9m-16-4250592fa909bf3da538c597bb26d17a av-gridrow-cell av_one_half no_margin  avia-builder-el-14  el_before_av_cell_one_half  avia-builder-el-first  avia-full-stretch'  ><div class='flex_cell_inner'><\/div><\/div>\n<style type=\"text\/css\" data-created_by=\"avia_inline_auto\" id=\"style-css-av-2ekh0q-11-e209b297c6323f76fd6ea23ce79de17a\">\n.flex_cell.av-2ekh0q-11-e209b297c6323f76fd6ea23ce79de17a{\nvertical-align:middle;\nheight:350px;\nmin-height:350px;\nbackground-color:#f1f3f6;\n}\n.responsive #top #wrap_all .flex_cell.av-2ekh0q-11-e209b297c6323f76fd6ea23ce79de17a{\npadding:50px  80px  50px 80px !important;\n}\n<\/style>\n<div class='flex_cell av-2ekh0q-11-e209b297c6323f76fd6ea23ce79de17a av-gridrow-cell av_one_half no_margin  avia-builder-el-15  el_after_av_cell_one_half  avia-builder-el-last '  ><div class='flex_cell_inner'>\n<style type=\"text\/css\" data-created_by=\"avia_inline_auto\" id=\"style-css-av-2ae47m-10-e281fa20a06ac7d4c97fe1f46c9f91dc\">\n.flex_column.av-2ae47m-10-e281fa20a06ac7d4c97fe1f46c9f91dc{\nborder-radius:0px 0px 0px 0px;\npadding:0px 0px 0px 0px;\n}\n<\/style>\n<div  class='flex_column av-2ae47m-10-e281fa20a06ac7d4c97fe1f46c9f91dc av_one_full  avia-builder-el-16  avia-builder-el-no-sibling  first flex_column_div av-animated-generic bottom-to-top av-zero-column-padding  '     ><section  class='av_textblock_section av-1vzbii-9-8a1c90bdaab047daae59c8e83c863d16 '   itemscope=\"itemscope\" itemtype=\"https:\/\/schema.org\/CreativeWork\" ><div class='avia_textblock'  itemprop=\"text\" ><h3>Hei\u00f0ar \u00c1sberg Atlason<\/h3>\n<p data-pm-slice=\"1 1 &#091;&#093;\">Attorney at Law. Partner.<\/p>\n<p><a class=\"ProsemirrorEditor-link\" href=\"mailto:heidar@axlaw.is\">heidar@axlaw.is<\/a><br \/>\n<a href=\"tel:+3548602348\">860-2348<\/a><\/p>\n<\/div><\/section><\/div>\n<\/div><\/div><\/div><div id='flex-invert'  class='av-layout-grid-container av-2qt57u-7-b9b02522dffdea4af0f95ad2b57e7e01 entry-content-wrapper main_color av-flex-cells  avia-builder-el-18  el_after_av_layout_row  el_before_av_layout_row  grid-row-not-first  container_wrap fullsize'  >\n\n<style type=\"text\/css\" data-created_by=\"avia_inline_auto\" id=\"style-css-av-2ekh0q-6-cc7f6575f186332f3aefa0e2030f6033\">\n.flex_cell.av-2ekh0q-6-cc7f6575f186332f3aefa0e2030f6033{\nvertical-align:middle;\nheight:350px;\nmin-height:350px;\nbackground-color:#f1f3f6;\n}\n.responsive #top #wrap_all .flex_cell.av-2ekh0q-6-cc7f6575f186332f3aefa0e2030f6033{\npadding:50px 80px 50px 80px !important;\n}\n<\/style>\n<div class='flex_cell av-2ekh0q-6-cc7f6575f186332f3aefa0e2030f6033 av-gridrow-cell av_one_half no_margin  avia-builder-el-19  el_before_av_cell_one_half  avia-builder-el-first '  ><div class='flex_cell_inner'>\n<style type=\"text\/css\" data-created_by=\"avia_inline_auto\" id=\"style-css-av-rr7n0-2eee0ea05a50a834c85adb6e72066dbc\">\n.flex_column.av-rr7n0-2eee0ea05a50a834c85adb6e72066dbc{\nborder-radius:0px 0px 0px 0px;\npadding:0px 0px 0px 0px;\n}\n<\/style>\n<div  class='flex_column av-rr7n0-2eee0ea05a50a834c85adb6e72066dbc av_one_full  avia-builder-el-20  avia-builder-el-no-sibling  first flex_column_div av-animated-generic bottom-to-top av-zero-column-padding  '     ><section  class='av_textblock_section av-n2gsk-e628f7bad3b20e530b857c4c04b65c7c '   itemscope=\"itemscope\" itemtype=\"https:\/\/schema.org\/CreativeWork\" ><div class='avia_textblock'  itemprop=\"text\" ><h3>Inga Krist\u00edn Kjartansd\u00f3ttir<\/h3>\n<p data-pm-slice=\"1 1 &#091;&#093;\">Attorney at Law<\/p>\n<p><a class=\"ProsemirrorEditor-link\" href=\"mailto:inga@axlaw.is\">inga@axlaw.is<\/a><br \/>\n<a href=\"tel:+3548206353\">820-6353<\/a><\/p>\n<\/div><\/section><\/div>\n<\/div><\/div>\n<style type=\"text\/css\" data-created_by=\"avia_inline_auto\" id=\"style-css-av-8tth6-8-df2aecabba1e6a93ab332c2faaa84bbc\">\n.flex_cell.av-8tth6-8-df2aecabba1e6a93ab332c2faaa84bbc{\nvertical-align:top;\nheight:350px;\nmin-height:350px;\nbackground:url(https:\/\/axlaw.is\/wp-content\/uploads\/2022\/11\/inga-e1668420158851.jpeg) 50% 50% no-repeat scroll ;\n}\n.responsive #top #wrap_all .flex_cell.av-8tth6-8-df2aecabba1e6a93ab332c2faaa84bbc{\npadding:30px 30px 30px 30px !important;\n}\n<\/style>\n<div class='flex_cell av-8tth6-8-df2aecabba1e6a93ab332c2faaa84bbc av-gridrow-cell av_one_half no_margin  avia-builder-el-22  el_after_av_cell_one_half  avia-builder-el-last  avia-full-stretch'  ><div class='flex_cell_inner'><\/div><\/div>\n<\/div><\/p>\n<div id='av-layout-grid-5'  class='av-layout-grid-container av-d4kj8-04d0f6969d37b32ea3c121fe75ac800d entry-content-wrapper main_color av-flex-cells  avia-builder-el-23  el_after_av_layout_row  el_before_av_layout_row  grid-row-not-first  container_wrap fullsize'  >\n\n<style type=\"text\/css\" data-created_by=\"avia_inline_auto\" id=\"style-css-av-mhat9296-dcbf4fca600fce460818f215454c7495\">\n.flex_cell.av-mhat9296-dcbf4fca600fce460818f215454c7495{\nvertical-align:top;\nheight:350px;\nmin-height:350px;\nbackground:url(https:\/\/axlaw.is\/wp-content\/uploads\/2022\/11\/johann.jpeg) 50% 50% no-repeat scroll ;\n}\n.responsive #top #wrap_all .flex_cell.av-mhat9296-dcbf4fca600fce460818f215454c7495{\npadding:30px 30px 30px 30px !important;\n}\n<\/style>\n<div class='flex_cell av-mhat9296-dcbf4fca600fce460818f215454c7495 av-gridrow-cell av_one_half no_margin  avia-builder-el-24  el_before_av_cell_one_half  avia-builder-el-first  avia-full-stretch'  ><div class='flex_cell_inner'><\/div><\/div>\n<style type=\"text\/css\" data-created_by=\"avia_inline_auto\" id=\"style-css-av-buzbw-a0bc52dd7d7ad95b6465d16b482ea817\">\n.flex_cell.av-buzbw-a0bc52dd7d7ad95b6465d16b482ea817{\nvertical-align:middle;\nheight:350px;\nmin-height:350px;\nbackground-color:#f1f3f6;\n}\n.responsive #top #wrap_all .flex_cell.av-buzbw-a0bc52dd7d7ad95b6465d16b482ea817{\npadding:50px  80px  50px 80px !important;\n}\n<\/style>\n<div class='flex_cell av-buzbw-a0bc52dd7d7ad95b6465d16b482ea817 av-gridrow-cell av_one_half no_margin  avia-builder-el-25  el_after_av_cell_one_half  avia-builder-el-last '  ><div class='flex_cell_inner'><section  class='av_textblock_section av-1vzbii-4-354fae3c234723516c51c4f762c07a32 '   itemscope=\"itemscope\" itemtype=\"https:\/\/schema.org\/CreativeWork\" ><div class='avia_textblock'  itemprop=\"text\" ><h3>J\u00f3hann Fannar Gu\u00f0j\u00f3nsson hdl.<\/h3>\n<p data-pm-slice=\"1 1 &#091;&#093;\">Attorney at Law<\/p>\n<p><a class=\"ProsemirrorEditor-link\" href=\"mailto:fannar@axlaw.is\">fannar@axlaw.is<\/a><br \/>\n<a href=\"tel:+3548670015\">867-0015<\/a><\/p>\n<\/div><\/section>\n<\/div><\/div>\n<\/div>\n<div id='av-layout-grid-6'  class='av-layout-grid-container av-2qt57u-3-a831caa68fecd50663079358acbc1575 entry-content-wrapper main_color av-flex-cells  avia-builder-el-27  el_after_av_layout_row  avia-builder-el-last  grid-row-not-first  container_wrap fullsize'  >\n\n<style type=\"text\/css\" data-created_by=\"avia_inline_auto\" id=\"style-css-av-2ekh0q-2-fef7d9eab11c698ab97bdac07d1bca2c\">\n.flex_cell.av-2ekh0q-2-fef7d9eab11c698ab97bdac07d1bca2c{\nvertical-align:middle;\nheight:430px;\nmin-height:430px;\nbackground-color:#ffffff;\n}\n.responsive #top #wrap_all .flex_cell.av-2ekh0q-2-fef7d9eab11c698ab97bdac07d1bca2c{\npadding:50px 80px 50px 80px !important;\n}\n<\/style>\n<div class='flex_cell av-2ekh0q-2-fef7d9eab11c698ab97bdac07d1bca2c av-gridrow-cell av_one_full no_margin  avia-builder-el-28  avia-builder-el-no-sibling '  ><div class='flex_cell_inner'>\n<style type=\"text\/css\" data-created_by=\"avia_inline_auto\" id=\"style-css-av-2ae47m-5-138991143bd4a053e2294667b60f9f2e\">\n.flex_column.av-2ae47m-5-138991143bd4a053e2294667b60f9f2e{\nborder-radius:0px 0px 0px 0px;\npadding:0px 0px 0px 0px;\n}\n<\/style>\n<div  class='flex_column av-2ae47m-5-138991143bd4a053e2294667b60f9f2e av_one_full  avia-builder-el-29  avia-builder-el-no-sibling  first flex_column_div av-animated-generic bottom-to-top av-zero-column-padding  '     ><section  class='av_textblock_section av-1vzbii-1-c46b9d1745a6a40777e0f4ed0a4d99bb '   itemscope=\"itemscope\" itemtype=\"https:\/\/schema.org\/CreativeWork\" ><div class='avia_textblock'  itemprop=\"text\" ><p>You can also get in touch at <a href=\"mailto:axlaw@axlaw.is\">axlaw@axlaw.is<\/a>.<\/p>\n<\/div><\/section><\/div>\n<\/div><\/div>\n<\/div>\n","protected":false},"excerpt":{"rendered":"","protected":false},"author":2,"featured_media":0,"parent":0,"menu_order":0,"comment_status":"open","ping_status":"open","template":"","meta":{"footnotes":""},"class_list":["post-244","page","type-page","status-publish","hentry"],"_links":{"self":[{"href":"https:\/\/axlaw.is\/en\/wp-json\/wp\/v2\/pages\/244","targetHints":{"allow":["GET"]}}],"collection":[{"href":"https:\/\/axlaw.is\/en\/wp-json\/wp\/v2\/pages"}],"about":[{"href":"https:\/\/axlaw.is\/en\/wp-json\/wp\/v2\/types\/page"}],"author":[{"embeddable":true,"href":"https:\/\/axlaw.is\/en\/wp-json\/wp\/v2\/users\/2"}],"replies":[{"embeddable":true,"href":"https:\/\/axlaw.is\/en\/wp-json\/wp\/v2\/comments?post=244"}],"version-history":[{"count":16,"href":"https:\/\/axlaw.is\/en\/wp-json\/wp\/v2\/pages\/244\/revisions"}],"predecessor-version":[{"id":455,"href":"https:\/\/axlaw.is\/en\/wp-json\/wp\/v2\/pages\/244\/revisions\/455"}],"wp:attachment":[{"href":"https:\/\/axlaw.is\/en\/wp-json\/wp\/v2\/media?parent=244"}],"curies":[{"name":"wp","href":"https:\/\/api.w.org\/{rel}","templated":true}]}}